{"id":465,"date":"2021-12-13T14:08:47","date_gmt":"2021-12-13T13:08:47","guid":{"rendered":"https:\/\/www.anaiskauffmann.com\/mentions-legales\/"},"modified":"2024-02-06T22:36:41","modified_gmt":"2024-02-06T21:36:41","slug":"legal-notice","status":"publish","type":"page","link":"https:\/\/www.anaiskauffmann.com\/en\/legal-notice\/","title":{"rendered":"Legal Notice"},"content":{"rendered":"\n<h2 class=\"wp-block-heading\" id=\"raison-sociale\">Raison sociale<\/h2>\n\n\n\n<p>Ana\u00efs KAUFFMANN<br>Organisatrice et coordinatrice de mariages en r\u00e9gion Auvergne<br>Entrepreneur individuel<br>Siren : 909 406 985.  Siret : 909 406 985 00012<br>Code APE : 96.09Z<br>\u200b<br>Si\u00e8ge social : 38 rue des Farges &#8211; 63000 CLERMONT-FERRAND, France.<\/p>\n\n\n\n<h2 class=\"wp-block-heading\" id=\"coordonnees\">Coordonn\u00e9es<\/h2>\n\n\n\n<p>T\u00e9l\u00e9phone : 06 95 17 70 74<\/p>\n\n\n\n<h2 class=\"wp-block-heading\" id=\"assurance\">Assurance<\/h2>\n\n\n\n<p>L&#8217;assurance responsabilit\u00e9 civile professionnelle num\u00e9ro 971000213520Q est souscrite aupr\u00e8s de la compagnie Inter Mutuelles Entreprises dont le si\u00e8ge social est 66, rue de Sotteville \u00e0 ROUEN (76).<\/p>\n\n\n\n<h2 class=\"wp-block-heading\" id=\"responsable-de-la-publication\">Responsable de la publication<\/h2>\n\n\n\n<p>Ana\u00efs KAUFFMANN<br>38 rue des Farges &#8211; 63000 CLERMONT-FERRAND<br>Email : <a href=\"mailto:&#99;&#111;&#110;t&#97;ct&#64;&#97;&#110;&#97;&#105;&#115;&#107;&#97;uff&#109;a&#110;&#110;&#46;c&#111;m\">con&#116;&#97;ct&#64;a&#110;ai&#115;&#107;&#97;u&#102;&#102;m&#97;n&#110;&#46;com<\/a><br>T\u00e9l. : 06 95 17 70 74<br>www.anaiskauffmann.com<br>\u200b<br>DIRECTRICE DE PUBLICATION<br>Madame Ana\u00efs KAUFFMANN en sa qualit\u00e9 de g\u00e9rante.<\/p>\n\n\n\n<h2 class=\"wp-block-heading\" id=\"hebergement-du-site\">H\u00e9bergement du site<\/h2>\n\n\n\n<p>H\u00e9bergeur : OVH SERVEUR D\u00c9DI\u00c9 par Dpi design<br>2 rue Kellerman<br>Roubaix \u2013 France<br>Site Web : https:\/\/www.ovh.com\/<\/p>\n\n\n\n<h2 class=\"wp-block-heading\" id=\"creation-et-developpement\">Cr\u00e9ation et d\u00e9veloppement<\/h2>\n\n\n\n<p>Agence Dpi design \u2013 COM DZ<br>Adresse : 331 avenue du docteur Julien Lefebvre \u2013 Villeneuve-Loubet<br>T\u00e9l\u00e9phone : 04 93 34 18 68<br>Site Web : www.comdz.fr<\/p>\n\n\n\n<h2 class=\"wp-block-heading\" id=\"credit-photos\">Cr\u00e9dit photos<\/h2>\n\n\n\n<p>Les \u00e9l\u00e9ments visuels int\u00e9gr\u00e9s sur ce site ont \u00e9t\u00e9 effectu\u00e9es par DPI DESIGN. Certains \u00e9l\u00e9ments visuels peuvent \u00e9galement provenir de la banque d\u2019image Istock photos ou de Ana\u00efs KAUFFMANN<\/p>\n\n\n\n<h2 class=\"wp-block-heading\" id=\"avertissement\">Avertissement<\/h2>\n\n\n\n<p>Les informations contenues sur le site www.anaiskauffmann.com ont un caract\u00e8re indicatif et non contractuel. Nous nous effor\u00e7ons d\u2019assurer l\u2019exactitude et la mise \u00e0 jour des informations diffus\u00e9es sur ce site, dont nous nous r\u00e9servons le droit de corriger, \u00e0 tout moment et sans pr\u00e9avis, le contenu. Ce contenu est non-exhaustif. Ana\u00efs KAUFFMANN d\u00e9cline toute responsabilit\u00e9 en cas d\u2019erreur, d\u2019inexactitude ou d\u2019omission dans ces informations.<\/p>\n\n\n\n<h2 class=\"wp-block-heading\" id=\"droit-de-propriete\">Droit de propri\u00e9t\u00e9<\/h2>\n\n\n\n<p>Le site et les diff\u00e9rents \u00e9l\u00e9ments le composant sont prot\u00e9g\u00e9s par le droit de la propri\u00e9t\u00e9 intellectuelle et industrielle. Par cons\u00e9quent, toute repr\u00e9sentation, toute reproduction et, de mani\u00e8re plus g\u00e9n\u00e9rale, toute exploitation, par quelque proc\u00e9d\u00e9 que ce soit, de tout ou partie du site (sa structure g\u00e9n\u00e9rale, photographies, informations, ic\u00f4nes, logos, graphismes y figurant), sans l\u2019autorisation pr\u00e9alable et \u00e9crite de Ana\u00efs KAUFFMANN est strictement interdite. Les informations contenues sur le site sont exclusivement r\u00e9serv\u00e9es \u00e0 un usage priv\u00e9. La reproduction de tout document publi\u00e9 sur le site de www.anaiskauffmann.com et l\u2019utilisation de copies r\u00e9alis\u00e9es n\u2019est autoris\u00e9 qu\u2019\u00e0 des fins d\u2019information pour un usage personnel et priv\u00e9.<\/p>\n","protected":false},"excerpt":{"rendered":"<p>Raison sociale Ana\u00efs KAUFFMANNOrganisatrice et coordinatrice de mariages en r\u00e9gion AuvergneEntrepreneur individuelSiren : 909 406 985. Siret : 909 406 985 00012Code APE : 96.09Z\u200bSi\u00e8ge social : 38 rue des Farges &#8211; 63000 CLERMONT-FERRAND, France. Coordonn\u00e9es T\u00e9l\u00e9phone : 06 95 17 70 74 Assurance L&#8217;assurance responsabilit\u00e9 civile professionnelle num\u00e9ro 971000213520Q est souscrite aupr\u00e8s de la<\/p>\n","protected":false},"author":1,"featured_media":0,"parent":0,"menu_order":0,"comment_status":"closed","ping_status":"closed","template":"","meta":{"inline_featured_image":false,"footnotes":""},"class_list":["post-465","page","type-page","status-publish","hentry"],"acf":[],"_links":{"self":[{"href":"https:\/\/www.anaiskauffmann.com\/en\/wp-json\/wp\/v2\/pages\/465","targetHints":{"allow":["GET"]}}],"collection":[{"href":"https:\/\/www.anaiskauffmann.com\/en\/wp-json\/wp\/v2\/pages"}],"about":[{"href":"https:\/\/www.anaiskauffmann.com\/en\/wp-json\/wp\/v2\/types\/page"}],"author":[{"embeddable":true,"href":"https:\/\/www.anaiskauffmann.com\/en\/wp-json\/wp\/v2\/users\/1"}],"replies":[{"embeddable":true,"href":"https:\/\/www.anaiskauffmann.com\/en\/wp-json\/wp\/v2\/comments?post=465"}],"version-history":[{"count":6,"href":"https:\/\/www.anaiskauffmann.com\/en\/wp-json\/wp\/v2\/pages\/465\/revisions"}],"predecessor-version":[{"id":2555,"href":"https:\/\/www.anaiskauffmann.com\/en\/wp-json\/wp\/v2\/pages\/465\/revisions\/2555"}],"wp:attachment":[{"href":"https:\/\/www.anaiskauffmann.com\/en\/wp-json\/wp\/v2\/media?parent=465"}],"curies":[{"name":"wp","href":"https:\/\/api.w.org\/{rel}","templated":true}]}}